{"id":10118,"date":"2024-05-31T17:43:29","date_gmt":"2024-05-31T17:43:29","guid":{"rendered":"https:\/\/mobishout.io\/privacy-policy\/"},"modified":"2024-06-26T15:56:26","modified_gmt":"2024-06-26T15:56:26","slug":"politica-de-privacidade","status":"publish","type":"page","link":"https:\/\/mobishout.io\/pt-pt\/politica-de-privacidade\/","title":{"rendered":"Pol\u00edtica de Privacidade"},"content":{"rendered":"<p>[et_pb_section fb_built=&#8221;1&#8243; _builder_version=&#8221;4.24.2&#8243; _module_preset=&#8221;default&#8221; da_disable_devices=&#8221;off|off|off&#8221; global_colors_info=&#8221;{}&#8221; da_is_popup=&#8221;off&#8221; da_exit_intent=&#8221;off&#8221; da_has_close=&#8221;on&#8221; da_alt_close=&#8221;off&#8221; da_dark_close=&#8221;off&#8221; da_not_modal=&#8221;on&#8221; da_is_singular=&#8221;off&#8221; da_with_loader=&#8221;off&#8221; da_has_shadow=&#8221;on&#8221;][et_pb_row _builder_version=&#8221;4.25.1&#8243; _module_preset=&#8221;default&#8221; custom_padding=&#8221;||0px||false|false&#8221; animation_style=&#8221;slide&#8221; animation_direction=&#8221;bottom&#8221; animation_duration=&#8221;500ms&#8221; animation_intensity_slide=&#8221;1%&#8221; animation_speed_curve=&#8221;ease-in&#8221; global_colors_info=&#8221;{}&#8221;][et_pb_column type=&#8221;4_4&#8243; _builder_version=&#8221;4.24.2&#8243; _module_preset=&#8221;default&#8221; global_colors_info=&#8221;{}&#8221;][et_pb_text admin_label=&#8221;T\u00edtulo&#8221; _builder_version=&#8221;4.25.1&#8243; _module_preset=&#8221;df107a39-bbbc-47ab-ab26-2a993ca618ad&#8221; global_colors_info=&#8221;{}&#8221;]<\/p>\n<h2>Pol\u00edtica de Privacidade<\/h2>\n<p>[\/et_pb_text][et_pb_text admin_label=&#8221;\u00daltima atualiza\u00e7\u00e3o&#8221; _builder_version=&#8221;4.25.1&#8243; _module_preset=&#8221;df107a39-bbbc-47ab-ab26-2a993ca618ad&#8221; custom_margin=&#8221;||37px||false|false&#8221; global_colors_info=&#8221;{}&#8221;]<\/p>\n<h6>\u00daltima atualiza\u00e7\u00e3o: 17 Janeiro 2024<\/h6>\n<p>[\/et_pb_text][\/et_pb_column][\/et_pb_row][et_pb_row _builder_version=&#8221;4.25.1&#8243; _module_preset=&#8221;default&#8221; custom_padding=&#8221;||0px||false|false&#8221; animation_style=&#8221;slide&#8221; animation_direction=&#8221;bottom&#8221; animation_duration=&#8221;500ms&#8221; animation_delay=&#8221;50ms&#8221; animation_intensity_slide=&#8221;1%&#8221; animation_speed_curve=&#8221;ease-in&#8221; global_colors_info=&#8221;{}&#8221;][et_pb_column type=&#8221;4_4&#8243; _builder_version=&#8221;4.24.2&#8243; _module_preset=&#8221;default&#8221; global_colors_info=&#8221;{}&#8221;][et_pb_text admin_label=&#8221;Intro&#8221; _builder_version=&#8221;4.25.1&#8243; _module_preset=&#8221;df107a39-bbbc-47ab-ab26-2a993ca618ad&#8221; custom_margin=&#8221;||47px||false|false&#8221; global_colors_info=&#8221;{}&#8221;]<\/p>\n<p>Bem-vindo \u00e0 mobiSHOUT<em>!<\/em>, um produto da mobinteg &#8211; Solu\u00e7\u00f5es Empresariais de Mobilidade, Lda (&#8220;mobinteg,&#8221; &#8220;n\u00f3s,&#8221; ou &#8220;nos&#8221;). Esta Pol\u00edtica de Privacidade foi concebida para o informar sobre a recolha, utiliza\u00e7\u00e3o e divulga\u00e7\u00e3o da sua informa\u00e7\u00e3o pessoal quando utiliza o site da mobiSHOUT<em>!<\/em>.<\/p>\n<p>Ao aceder ou usar o site da mobiSHOUT<em>!<\/em>, o utilizador concorda com os termos descritos nesta Pol\u00edtica de Privacidade. Se n\u00e3o concordar com qualquer parte desta pol\u00edtica, por favor n\u00e3o utilize o nosso website.<\/p>\n<p>[\/et_pb_text][\/et_pb_column][\/et_pb_row][et_pb_row _builder_version=&#8221;4.25.1&#8243; _module_preset=&#8221;default&#8221; width=&#8221;60%&#8221; width_tablet=&#8221;60%&#8221; width_phone=&#8221;100%&#8221; width_last_edited=&#8221;on|phone&#8221; custom_margin=&#8221;||60px||false|false&#8221; animation_style=&#8221;slide&#8221; animation_direction=&#8221;bottom&#8221; animation_duration=&#8221;500ms&#8221; animation_delay=&#8221;250ms&#8221; animation_intensity_slide=&#8221;1%&#8221; animation_speed_curve=&#8221;ease-in&#8221; global_colors_info=&#8221;{}&#8221;][et_pb_column type=&#8221;4_4&#8243; _builder_version=&#8221;4.25.1&#8243; _module_preset=&#8221;default&#8221; global_colors_info=&#8221;{}&#8221;][et_pb_toggle title=&#8221;Informa\u00e7\u00e3o que Recolhemos&#8221; admin_label=&#8221;Informa\u00e7\u00e3o que Recolhemos&#8221; _builder_version=&#8221;4.25.1&#8243; _module_preset=&#8221;dd2ec1b3-0dcd-4a73-84b4-dbbe85a46d0f&#8221; global_colors_info=&#8221;{}&#8221;]<\/p>\n<p>Quando utiliza o website da mobiSHOUT<em>!<\/em> podemos recolher os seguintes tipos de informa\u00e7\u00e3o:<\/p>\n<ul>\n<li>Informa\u00e7\u00f5es pessoais: Trata-se de informa\u00e7\u00f5es que podem ser utilizadas para o identificar, tais como o seu nome, email, n\u00famero de telefone e outras informa\u00e7\u00f5es de contacto.<\/li>\n<li>Informa\u00e7\u00f5es de utiliza\u00e7\u00e3o: Trata-se de informa\u00e7\u00f5es sobre a forma como o utilizador utiliza o website, tais como as p\u00e1ginas que visualiza, as funcionalidades que utiliza e as a\u00e7\u00f5es que executa.<\/li>\n<li>Informa\u00e7\u00f5es do dispositivo: Trata-se de informa\u00e7\u00f5es sobre o dispositivo que utiliza para aceder ao website, tais como o tipo de dispositivo, o seu sistema operativo e o identificador do dispositivo.<\/li>\n<\/ul>\n<p>[\/et_pb_toggle][et_pb_toggle title=&#8221;Como utilizamos a sua Informa\u00e7\u00e3o&#8221; admin_label=&#8221;Como utilizamos a sua Informa\u00e7\u00e3o&#8221; _builder_version=&#8221;4.25.1&#8243; _module_preset=&#8221;dd2ec1b3-0dcd-4a73-84b4-dbbe85a46d0f&#8221; global_colors_info=&#8221;{}&#8221;]<\/p>\n<p>Podemos utilizar as informa\u00e7\u00f5es que recolhemos para os seguintes fins:<\/p>\n<ul>\n<li>Para fornecer e melhorar o website, incluindo as suas caracter\u00edsticas e funcionalidades.<\/li>\n<li>Para comunicar com o utilizador sobre o nosso produto, incluindo o envio de notifica\u00e7\u00f5es e atualiza\u00e7\u00f5es.<\/li>\n<li>Para responder \u00e0s suas perguntas e pedidos de suporte.<\/li>\n<li>Para fazer cumprir os nossos Termos de Utiliza\u00e7\u00e3o e outras pol\u00edticas.<\/li>\n<li>Para cumprir obriga\u00e7\u00f5es legais.<\/li>\n<\/ul>\n<p>[\/et_pb_toggle][et_pb_toggle title=&#8221;Partilha da sua Informa\u00e7\u00e3o&#8221; admin_label=&#8221;Partilha da sua Informa\u00e7\u00e3o&#8221; _builder_version=&#8221;4.25.1&#8243; _module_preset=&#8221;dd2ec1b3-0dcd-4a73-84b4-dbbe85a46d0f&#8221; global_colors_info=&#8221;{}&#8221;]<\/p>\n<p>Podemos partilhar as suas informa\u00e7\u00f5es com prestadores de servi\u00e7os terceiros que utilizamos para operar e apoiar o website, tais como fornecedores de alojamento e fornecedores de an\u00e1lise de dados. Tamb\u00e9m podemos partilhar as suas informa\u00e7\u00f5es com ag\u00eancias de aplica\u00e7\u00e3o da lei ou outras entidades governamentais, se tal for exigido por lei.<\/p>\n<p>Podemos divulgar informa\u00e7\u00f5es pessoais que recolhemos ou que o utilizador fornece:<\/p>\n<h5>Divulga\u00e7\u00e3o para efeitos de aplica\u00e7\u00e3o da lei<\/h5>\n<p>Em determinadas circunst\u00e2ncias, podemos ser obrigados a divulgar os seus Dados Pessoais se tal for exigido por lei ou em resposta a pedidos v\u00e1lidos de autoridades p\u00fablicas.<\/p>\n<h5>Transa\u00e7\u00e3o Comercial<\/h5>\n<p>Se n\u00f3s ou as nossas subsidi\u00e1rias estiverem envolvidas numa fus\u00e3o, aquisi\u00e7\u00e3o ou venda de ativos, os seus Dados Pessoais podem ser transferidos.<\/p>\n<h5>Outros Casos<\/h5>\n<p>Tamb\u00e9m podemos divulgar as suas informa\u00e7\u00f5es:<\/p>\n<ul>\n<li>\u00e0s nossas filiais e subsidi\u00e1rias;<\/li>\n<li>a contratantes, fornecedores de servi\u00e7os e outros terceiros que utilizamos para apoiar a nossa atividade;<\/li>\n<li>para cumprir o objetivo para o qual a forneceu;<\/li>\n<li>para efeitos de inclus\u00e3o do log\u00f3tipo da sua empresa no nosso website;<\/li>\n<li>para qualquer outro fim divulgado por n\u00f3s quando o utilizador fornece as informa\u00e7\u00f5es;<\/li>\n<li>com o seu consentimento em todos os outros casos;<\/li>\n<li>se acreditarmos que a divulga\u00e7\u00e3o \u00e9 necess\u00e1ria ou apropriada para proteger os direitos, a propriedade ou a seguran\u00e7a da Empresa, dos nossos clientes ou de outros.<\/li>\n<\/ul>\n<p>[\/et_pb_toggle][et_pb_toggle title=&#8221;Reten\u00e7\u00e3o de Dados&#8221; admin_label=&#8221;Reten\u00e7\u00e3o de Dados&#8221; _builder_version=&#8221;4.25.1&#8243; _module_preset=&#8221;dd2ec1b3-0dcd-4a73-84b4-dbbe85a46d0f&#8221; global_colors_info=&#8221;{}&#8221;]<\/p>\n<p>Conservaremos os seus Dados Pessoais apenas durante o tempo necess\u00e1rio para os fins definidos na presente Pol\u00edtica de Privacidade. Iremos reter e utilizar os seus Dados Pessoais na medida do necess\u00e1rio para cumprir as nossas obriga\u00e7\u00f5es legais (por exemplo, se formos obrigados a reter os seus dados para cumprir a lei aplic\u00e1vel), resolver lit\u00edgios e fazer cumprir os nossos acordos e pol\u00edticas legais ou se acreditarmos que a divulga\u00e7\u00e3o \u00e9 necess\u00e1ria ou apropriada para proteger os direitos, a propriedade ou a seguran\u00e7a da Empresa, dos nossos clientes ou de outros.<\/p>\n<p>Tamb\u00e9m retemos os Dados de Utiliza\u00e7\u00e3o para fins de an\u00e1lise interna. Os Dados de Utiliza\u00e7\u00e3o s\u00e3o geralmente retidos por um per\u00edodo mais curto, exceto quando estes dados s\u00e3o utilizados para refor\u00e7ar a seguran\u00e7a ou para melhorar a funcionalidade do nosso Servi\u00e7o, ou quando somos legalmente obrigados a reter estes dados por per\u00edodos de tempo mais longos.<\/p>\n<p>[\/et_pb_toggle][et_pb_toggle title=&#8221;Transfer\u00eancia de Dados&#8221; admin_label=&#8221;Transfer\u00eancia de Dados&#8221; _builder_version=&#8221;4.25.1&#8243; _module_preset=&#8221;dd2ec1b3-0dcd-4a73-84b4-dbbe85a46d0f&#8221; global_colors_info=&#8221;{}&#8221;]<\/p>\n<p>As suas informa\u00e7\u00f5es, incluindo Dados Pessoais, podem ser transferidas para \u2013 e mantidas em \u2013 computadores localizados fora de seu estado, prov\u00edncia, pa\u00eds ou outra jurisdi\u00e7\u00e3o governamental onde as leis de prote\u00e7\u00e3o de dados possam diferir daquelas da sua jurisdi\u00e7\u00e3o.<\/p>\n<p>Se estiver localizado fora de Portugal e optar por fornecer informa\u00e7\u00f5es, por favorconsidere que transferimos os dados, incluindo Dados Pessoais, para Portugal e que os processamos l\u00e1.<\/p>\n<p>O seu consentimento com esta Pol\u00edtica de Privacidade seguido pelo envio de tais informa\u00e7\u00f5es representa a sua concord\u00e2ncia com essa transfer\u00eancia.<\/p>\n<p>A mobinteg tomar\u00e1 todas as medidas razoavelmente necess\u00e1rias para garantir que os seus dados sejam tratados de forma segura e de acordo com esta Pol\u00edtica de Privacidade e nenhuma transfer\u00eancia dos seus Dados Pessoais ocorrer\u00e1 para uma organiza\u00e7\u00e3o ou pa\u00eds, a menos que haja controlos adequados em vigor, incluindo a seguran\u00e7a de seus dados e outras informa\u00e7\u00f5es pessoais.<\/p>\n<p>[\/et_pb_toggle][et_pb_toggle title=&#8221;Links para Outros Sites&#8221; admin_label=&#8221;Links para Outros Sites&#8221; _builder_version=&#8221;4.25.1&#8243; _module_preset=&#8221;dd2ec1b3-0dcd-4a73-84b4-dbbe85a46d0f&#8221; global_colors_info=&#8221;{}&#8221;]<\/p>\n<p>O nosso website pode conter links para outros sites que n\u00e3o s\u00e3o operados por n\u00f3s. Se clicar num link de terceiros, ser\u00e1 direcionado para o site desses terceiros. Aconselhamos vivamente que reveja a Pol\u00edtica de Privacidade de cada site que visita.<\/p>\n<p>N\u00e3o temos controlo e n\u00e3o assumimos responsabilidade pelo conte\u00fado, pol\u00edticas de privacidade ou pr\u00e1ticas de sites ou servi\u00e7os de terceiros.<\/p>\n<p>[\/et_pb_toggle][et_pb_toggle title=&#8221;Privacidade das Crian\u00e7as&#8221; admin_label=&#8221;Privacidade das Crian\u00e7as&#8221; _builder_version=&#8221;4.25.1&#8243; _module_preset=&#8221;dd2ec1b3-0dcd-4a73-84b4-dbbe85a46d0f&#8221; global_colors_info=&#8221;{}&#8221;]<\/p>\n<p>O nosso website n\u00e3o se destina ao uso de crian\u00e7as menores de 18 anos.<\/p>\n<p>N\u00e3o recolhemos intencionalmente informa\u00e7\u00f5es de identifica\u00e7\u00e3o pessoal de crian\u00e7as menores de 18 anos. Se tiver conhecimento de que uma crian\u00e7a nos forneceu dados pessoais, entre em contacto connosco.<\/p>\n<p>Se tomarmos conhecimento de que recolhemos Dados Pessoais de Crian\u00e7as sem verifica\u00e7\u00e3o ou consentimento dos pais, tomaremos medidas para remover essas informa\u00e7\u00f5es dos nossos servidores.<\/p>\n<p>[\/et_pb_toggle][et_pb_toggle title=&#8221;Conformidade com o RGPD&#8221; admin_label=&#8221;Conformidade com o RGPD&#8221; _builder_version=&#8221;4.25.1&#8243; _module_preset=&#8221;dd2ec1b3-0dcd-4a73-84b4-dbbe85a46d0f&#8221; global_colors_info=&#8221;{}&#8221;]<\/p>\n<p>Cumprimos o Regulamento Geral de Prote\u00e7\u00e3o de Dados (RGPD) e outras leis de prote\u00e7\u00e3o de dados aplic\u00e1veis. Isso significa que n\u00f3s:<\/p>\n<ul>\n<li>Recolhemos e processamos as suas informa\u00e7\u00f5es pessoais apenas para fins espec\u00edficos e leg\u00edtimos.<\/li>\n<li>Certificamo-nos de que as suas informa\u00e7\u00f5es pessoais s\u00e3o precisas, atualizadas e seguras.<\/li>\n<li>Obtemos o seu consentimento antes de recolher e processar as suas informa\u00e7\u00f5es pessoais.<\/li>\n<li>Fornecemos-lhe o acesso \u00e0s suas informa\u00e7\u00f5es pessoais e permitimos que as atualize ou elimine.<\/li>\n<li>Transferimos as suas informa\u00e7\u00f5es pessoais apenas para pa\u00edses que forne\u00e7am prote\u00e7\u00e3o de dados adequada ou que tenham salvaguardas apropriadas em vigor.<\/li>\n<li>Notificamo-lo em caso de viola\u00e7\u00f5es de dados que afetem as suas informa\u00e7\u00f5es pessoais.<\/li>\n<\/ul>\n<p>[\/et_pb_toggle][et_pb_toggle title=&#8221;Pol\u00edtica de Cookies&#8221; admin_label=&#8221;Pol\u00edtica de Cookies&#8221; _builder_version=&#8221;4.25.1&#8243; _module_preset=&#8221;dd2ec1b3-0dcd-4a73-84b4-dbbe85a46d0f&#8221; global_colors_info=&#8221;{}&#8221;]<\/p>\n<p>Quando usa o site da mobiSHOUT<em>!<\/em>, podemos usar cookies e outras tecnologias de monitoriza\u00e7\u00e3o para recolher informa\u00e7\u00f5es sobre o uso do site. Cookies s\u00e3o pequenos arquivos de dados colocados no seu dispositivo quando visita um site ou usa uma aplica\u00e7\u00e3o. Eles s\u00e3o amplamente utilizados para fazer com que sites e aplica\u00e7\u00f5es funcionem de forma mais eficiente e para fornecer informa\u00e7\u00f5es aos propriet\u00e1rios do site ou aplica\u00e7\u00e3o.<\/p>\n<p>Utilizamos cookies e outras tecnologias de monitoriza\u00e7\u00e3o para os seguintes fins:<\/p>\n<ul>\n<li>Para lembrar as suas prefer\u00eancias e configura\u00e7\u00f5es.<\/li>\n<li>Para melhorar o website e fornecer conte\u00fado e publicidade personalizados.<\/li>\n<li>Para analisar como o website \u00e9 utilizado e medir a efic\u00e1cia de nossas campanhas de marketing.<\/li>\n<\/ul>\n<p>Pode controlar o uso de cookies e outras tecnologias de monitoriza\u00e7\u00e3o atrav\u00e9s das configura\u00e7\u00f5es do seu dispositivo. No entanto, a desativa\u00e7\u00e3o dos cookies pode limitar a sua capacidade de utilizar algumas funcionalidades do website.<\/p>\n<p>[\/et_pb_toggle][et_pb_toggle title=&#8221;Atualiza\u00e7\u00f5es \u00e0 Pol\u00edtica de Privacidade&#8221; admin_label=&#8221;Atualiza\u00e7\u00f5es \u00e0 Pol\u00edtica de Privacidade&#8221; _builder_version=&#8221;4.25.1&#8243; _module_preset=&#8221;dd2ec1b3-0dcd-4a73-84b4-dbbe85a46d0f&#8221; global_colors_info=&#8221;{}&#8221;]<\/p>\n<p>Podemos atualizar esta Pol\u00edtica de Privacidade de tempos a tempos, publicando uma nova vers\u00e3o no nosso site. Deve verificar esta p\u00e1gina periodicamente para se manter informado sobre quaisquer altera\u00e7\u00f5es.<\/p>\n<p>[\/et_pb_toggle][\/et_pb_column][\/et_pb_row][et_pb_row _builder_version=&#8221;4.25.1&#8243; _module_preset=&#8221;default&#8221; background_color=&#8221;#FAFAFA&#8221; custom_padding=&#8221;35px|40px|35px|40px|true|true&#8221; animation_style=&#8221;slide&#8221; animation_direction=&#8221;bottom&#8221; animation_duration=&#8221;500ms&#8221; animation_delay=&#8221;500ms&#8221; animation_intensity_slide=&#8221;1%&#8221; animation_speed_curve=&#8221;ease-in&#8221; border_radii=&#8221;on|18px|18px|18px|18px&#8221; global_colors_info=&#8221;{}&#8221;][et_pb_column type=&#8221;4_4&#8243; _builder_version=&#8221;4.25.1&#8243; _module_preset=&#8221;default&#8221; global_colors_info=&#8221;{}&#8221;][et_pb_text admin_label=&#8221;Contactos&#8221; _builder_version=&#8221;4.25.1&#8243; _module_preset=&#8221;default&#8221; global_colors_info=&#8221;{}&#8221;]<\/p>\n<h2>Contacte-nos<\/h2>\n<p>Se tiver alguma d\u00favida ou preocupa\u00e7\u00e3o sobre esta Pol\u00edtica de Privacidade, entre em contato connosco atrav\u00e9s de <strong>info@mobishout.io<\/strong>.<\/p>\n<p>[\/et_pb_text][\/et_pb_column][\/et_pb_row][\/et_pb_section][et_pb_section fb_built=&#8221;1&#8243; admin_label=&#8221;Popup &#8211; #subscrever-newsletter&#8221; module_id=&#8221;subscrever-newsletter&#8221; module_class=&#8221;popup&#8221; _builder_version=&#8221;4.25.2&#8243; _module_preset=&#8221;default&#8221; width=&#8221;80%&#8221; module_alignment=&#8221;center&#8221; da_is_popup=&#8221;on&#8221; da_popup_slug=&#8221;subscrever-newsletter&#8221; da_disable_devices=&#8221;off|off|off&#8221; border_radii=&#8221;on|18px|18px|18px|18px&#8221; saved_tabs=&#8221;all&#8221; global_colors_info=&#8221;{}&#8221; global_module=&#8221;10472&#8243; theme_builder_area=&#8221;post_content&#8221; da_exit_intent=&#8221;off&#8221; da_has_close=&#8221;on&#8221; da_alt_close=&#8221;off&#8221; da_dark_close=&#8221;off&#8221; da_not_modal=&#8221;on&#8221; da_is_singular=&#8221;off&#8221; da_with_loader=&#8221;off&#8221; da_has_shadow=&#8221;on&#8221;][et_pb_row _builder_version=&#8221;4.25.1&#8243; _module_preset=&#8221;default&#8221; animation_style=&#8221;slide&#8221; animation_direction=&#8221;bottom&#8221; animation_duration=&#8221;500ms&#8221; animation_intensity_slide=&#8221;1%&#8221; animation_speed_curve=&#8221;ease-in&#8221; locked=&#8221;off&#8221; global_colors_info=&#8221;{}&#8221; theme_builder_area=&#8221;post_content&#8221;][et_pb_column type=&#8221;4_4&#8243; _builder_version=&#8221;4.25.1&#8243; _module_preset=&#8221;default&#8221; global_colors_info=&#8221;{}&#8221; theme_builder_area=&#8221;post_content&#8221;][et_pb_text _builder_version=&#8221;4.25.2&#8243; _module_preset=&#8221;df107a39-bbbc-47ab-ab26-2a993ca618ad&#8221; global_colors_info=&#8221;{}&#8221; theme_builder_area=&#8221;post_content&#8221;]<\/p>\n<h2>Subscreva a nossa newsletter<\/h2>\n<p>Junte-se \u00e0 nossa comunidade e mantenha-se a par das \u00faltimas not\u00edcias e ofertas.[\/et_pb_text][\/et_pb_column][\/et_pb_row][et_pb_row column_structure=&#8221;3_5,2_5&#8243; make_equal=&#8221;on&#8221; _builder_version=&#8221;4.25.2&#8243; _module_preset=&#8221;27f17ecf-7590-4c7c-b22d-57cc0aa67a01&#8243; background_enable_color=&#8221;off&#8221; custom_padding=&#8221;0px|0px|0px|0px|true|true&#8221; global_colors_info=&#8221;{}&#8221; theme_builder_area=&#8221;post_content&#8221;][et_pb_column type=&#8221;3_5&#8243; _builder_version=&#8221;4.25.1&#8243; _module_preset=&#8221;default&#8221; background_color=&#8221;#FAFAFA&#8221; custom_padding=&#8221;54px|60px|54px|105px|true|false&#8221; custom_padding_tablet=&#8221;54px|60px|54px|105px|true|false&#8221; custom_padding_phone=&#8221;0px|0px|0px|0px|true|true&#8221; custom_padding_last_edited=&#8221;on|phone&#8221; border_radii=&#8221;off|18px|||18px&#8221; global_colors_info=&#8221;{}&#8221; theme_builder_area=&#8221;post_content&#8221;][et_pb_text module_id=&#8221;mobi-newsletter&#8221; _builder_version=&#8221;4.25.2&#8243; _module_preset=&#8221;default&#8221; width=&#8221;100%&#8221; custom_css_free_form=&#8221;#mobi-newsletter .sendpress-submit {||  color: #FFFFFF !important;||  border-width: 0px !important;||  border-color: RGBA(255, 255, 255, 0);||  border-radius: 50px;||  font-size: 1rem;||  font-family: &#8216;SF Pro Text Semibold&#8217;, Helvetica, Arial, Lucida, sans-serif !important;||  font-weight: 600;||  background-image: linear-gradient(161deg, #0099ff 0%, #00c9ff 100%);||  padding: 18px 50px !important;||}||#mobi-newsletter .sendpress-submit:hover {||  background-image: linear-gradient(161deg, #00c9ff 0%, #0099ff 100%);||}||#mobi-newsletter input.sp_firstname,||#mobi-newsletter input.sp_lastname,||#mobi-newsletter input.sp_email {||  border-radius: 8px;||  height: 50px;||  border-color: #000B12;||  font-size: 1rem;||  padding: 0 16px;||  color: #000B12;||}||#mobi-newsletter input.sp_firstname:focus,||#mobi-newsletter input.sp_lastname:focus,||#mobi-newsletter input.sp_email:focus {||    border-color: #0099FF;||    border-width: 2px;||}||#mobi-newsletter label {||  font-size: 1.2rem;||  line-height: 2.2rem;||  color: rgba(0, 11, 18, 0.7);||  font-weight: 600;||  font-family: &#8216;SF Pro Text Regular&#8217;, Helvetica, Arial, Lucida, sans-serif;||}&#8221; global_colors_info=&#8221;{}&#8221; theme_builder_area=&#8221;post_content&#8221;]<\/p>\n<div class=\"sendpress\">\n\t    <div class=\"sendpress-signup-form\">\n\t\t\t<form id=\"sendpress_signup\" method=\"POST\" data-form-id=\"8638\" class=\"sendpress-signup\" >\n\t\t\t\t<input type=\"hidden\" name=\"formid\" value=\"8638\" \/>\t\t\t\t<div id=\"exists\" style=\"display:none;\">You've already signed up, Thanks!<\/div>\n\t\t\t\t<div id=\"error\"><\/div>\n\t\t\t\t<div id=\"thanks\" style=\"display:none;\">Verifique o seu email para confirmar a sua subscri\u00e7\u00e3o.<\/div>\n\t\t\t\t<div id=\"form-wrap\" >\n\t\t\t\t\t<p><\/p>\n\t\t\t\t\t\t\t\t\t\t\t\t<input type=\"hidden\" name=\"sp_list\" id=\"list\" class=\"sp_list\" value=\"8637\" \/>\n\t\t\t\t\t\t\t\n\t\t\t\t\t\n\t\t\t\t\t\n\t\t\t\t\t\n\t\t\t\t\t\n\t\t\t\t\t<p>\n\t\t\t\t\t\t\t\t\t\t\t\t\t<label for=\"sp_email\">*Email:<\/label>\n\t\t\t\t\t\t\t\t\t\t\t\t<input type=\"text\" class=\"sp_email required\"  value=\"\" name=\"sp_email\" \/>\n\t\t\t\t\t<\/p>\n                    <input type=\"checkbox\" name=\"sp_contact_me_by_fax_only\" class=\"sp_contact_me_by_fax_only\" value=\"1\" style=\"display:none !important\" tabindex=\"-1\" autocomplete=\"off\">\n\n                    \n\t\t\t\t\t\t\t\t\t\t\t\t\t\t\t<input type=\"checkbox\" name=\"signup_approval\" id=\"signup_approval\" value=\"\" \/> Sim, eu quero receber a newsletter com atualiza\u00e7\u00f5es e promo\u00e7\u00f5es.<br>\n\t\t\t\t\t\n\t\t\t\t\t<p class=\"signup-fields-bottom\">\n\t\t\t\t\t\t\t\t\t\t\t<\/p>\n\n\t\t\t\t\t<p class=\"submit\">\n\t\t\t\t\t\t<input value=\"Submeter\" class=\"sendpress-submit\" type=\"submit\"  id=\"submit\" name=\"submit\"><img decoding=\"async\" class=\"ajaxloader\" style=\"display:none;\" src=\"https:\/\/mobishout.io\/wp-content\/plugins\/sendpress\/\/img\/ajax-loader.gif\" \/>\n\t\t\t\t\t<\/p>\n\t\t\t\t<\/div>\n\t\t\t<\/form>\n\t\t<\/div>\n\n\t    <\/div>\n<p>[\/et_pb_text][et_pb_text _builder_version=&#8221;4.25.2&#8243; _module_preset=&#8221;default&#8221; custom_margin=&#8221;28px||||false|false&#8221; global_colors_info=&#8221;{}&#8221; theme_builder_area=&#8221;post_content&#8221;]<\/p>\n<p>Ao inscrever-se, concorda em receber a nossa newsletter e concorda com nossa <a href=\"https:\/\/mobishout.io\/pt-pt\/politica-de-privacidade\">Pol\u00edtica de Privacidade<\/a>. Pode cancelar a subscri\u00e7\u00e3o a qualquer momento clicando no link no rodap\u00e9 de nossos e-mails.<\/p>\n<p>[\/et_pb_text][\/et_pb_column][et_pb_column type=&#8221;2_5&#8243; _builder_version=&#8221;4.25.1&#8243; _module_preset=&#8221;default&#8221; background_image=&#8221;https:\/\/mobishout.io\/wp-content\/uploads\/2024\/06\/mobishout-mockup-001-scaled.webp&#8221; background_position=&#8221;center_left&#8221; custom_padding=&#8221;200px||200px||true|false&#8221; border_radii=&#8221;off||18px|18px|&#8221; global_colors_info=&#8221;{}&#8221; theme_builder_area=&#8221;post_content&#8221;][\/et_pb_column][\/et_pb_row][\/et_pb_section]<\/p>\n","protected":false},"excerpt":{"rendered":"<p>Pol\u00edtica de Privacidade\u00daltima atualiza\u00e7\u00e3o: 17 Janeiro 2024Bem-vindo \u00e0 mobiSHOUT!, um produto da mobinteg &#8211; Solu\u00e7\u00f5es Empresariais de Mobilidade, Lda (&#8220;mobinteg,&#8221; &#8220;n\u00f3s,&#8221; ou &#8220;nos&#8221;). Esta Pol\u00edtica de Privacidade foi concebida para o informar sobre a recolha, utiliza\u00e7\u00e3o e divulga\u00e7\u00e3o da sua informa\u00e7\u00e3o pessoal quando utiliza o site da mobiSHOUT!. Ao aceder ou usar o site da [&hellip;]<\/p>\n","protected":false},"author":3,"featured_media":0,"parent":0,"menu_order":10,"comment_status":"closed","ping_status":"closed","template":"","meta":{"_et_pb_use_builder":"on","_et_pb_old_content":"","_et_gb_content_width":"","inline_featured_image":false,"footnotes":""},"class_list":["post-10118","page","type-page","status-publish","hentry"],"_links":{"self":[{"href":"https:\/\/mobishout.io\/pt-pt\/wp-json\/wp\/v2\/pages\/10118","targetHints":{"allow":["GET"]}}],"collection":[{"href":"https:\/\/mobishout.io\/pt-pt\/wp-json\/wp\/v2\/pages"}],"about":[{"href":"https:\/\/mobishout.io\/pt-pt\/wp-json\/wp\/v2\/types\/page"}],"author":[{"embeddable":true,"href":"https:\/\/mobishout.io\/pt-pt\/wp-json\/wp\/v2\/users\/3"}],"replies":[{"embeddable":true,"href":"https:\/\/mobishout.io\/pt-pt\/wp-json\/wp\/v2\/comments?post=10118"}],"version-history":[{"count":1,"href":"https:\/\/mobishout.io\/pt-pt\/wp-json\/wp\/v2\/pages\/10118\/revisions"}],"predecessor-version":[{"id":10502,"href":"https:\/\/mobishout.io\/pt-pt\/wp-json\/wp\/v2\/pages\/10118\/revisions\/10502"}],"wp:attachment":[{"href":"https:\/\/mobishout.io\/pt-pt\/wp-json\/wp\/v2\/media?parent=10118"}],"curies":[{"name":"wp","href":"https:\/\/api.w.org\/{rel}","templated":true}]}}